{"id":388,"date":"2024-08-19T09:28:37","date_gmt":"2024-08-19T07:28:37","guid":{"rendered":"http:\/\/preview.abc4it.com\/gospelchor_kilchberg\/?page_id=388"},"modified":"2025-02-14T15:18:43","modified_gmt":"2025-02-14T14:18:43","slug":"datenschutzerklaerung","status":"publish","type":"page","link":"https:\/\/gospelchor-kilchberg.ch\/cms\/datenschutzerklaerung\/","title":{"rendered":"Datenschutzerkl\u00e4rung"},"content":{"rendered":"\t\t<div data-elementor-type=\"wp-page\" data-elementor-id=\"388\" class=\"elementor elementor-388\">\n\t\t\t\t<div class=\"elementor-element elementor-element-6a77111 e-flex e-con-boxed e-con e-parent\" data-id=\"6a77111\" data-element_type=\"container\" data-e-type=\"container\">\n\t\t\t\t\t<div class=\"e-con-inner\">\n\t\t\t\t<div class=\"elementor-element elementor-element-42e7f1c elementor-widget elementor-widget-spacer\" data-id=\"42e7f1c\" data-element_type=\"widget\" data-e-type=\"widget\" data-widget_type=\"spacer.default\">\n\t\t\t\t<div class=\"elementor-widget-container\">\n\t\t\t\t\t\t\t<div class=\"elementor-spacer\">\n\t\t\t<div class=\"elementor-spacer-inner\"><\/div>\n\t\t<\/div>\n\t\t\t\t\t\t<\/div>\n\t\t\t\t<\/div>\n\t\t\t\t<div class=\"elementor-element elementor-element-16828dc elementor-widget elementor-widget-heading\" data-id=\"16828dc\" data-element_type=\"widget\" data-e-type=\"widget\" data-widget_type=\"heading.default\">\n\t\t\t\t<div class=\"elementor-widget-container\">\n\t\t\t\t\t<h2 class=\"elementor-heading-title elementor-size-default\">Datenschutzerkl\u00e4rung<\/h2>\t\t\t\t<\/div>\n\t\t\t\t<\/div>\n\t\t\t\t\t<\/div>\n\t\t\t\t<\/div>\n\t\t<div class=\"elementor-element elementor-element-02984d4 e-flex e-con-boxed e-con e-parent\" data-id=\"02984d4\" data-element_type=\"container\" data-e-type=\"container\">\n\t\t\t\t\t<div class=\"e-con-inner\">\n\t\t\t\t<div class=\"elementor-element elementor-element-698879c elementor-widget elementor-widget-text-editor\" data-id=\"698879c\" data-element_type=\"widget\" data-e-type=\"widget\" data-widget_type=\"text-editor.default\">\n\t\t\t\t<div class=\"elementor-widget-container\">\n\t\t\t\t\t\t\t\t\t<p><strong>Gospelchor Kilchberg<br \/><br \/><\/strong><strong>1. Allgemeine Informationen<\/strong><br \/>Diese Datenschutzerkl\u00e4rung informiert \u00fcber die Art, den Umfang und den<br \/>Zweck der Erhebung und Verwendung personenbezogener Daten durch den<br \/>Gospelchor Kilchberg.<\/p><p><strong>2. Verantwortliche Stelle<\/strong><br \/>Gospelchor Kilchberg Adresse: Stockenstrasse 150, 8802 Kilchberg, Schweiz,<br \/>E-Mail: <a href=\"mailto:info@gospelchor-kilchberg.ch\">info@gospelchor-kilchberg.ch<\/a>. Zur Zeit wird diese Aufgabe durch Peter<br \/>Wegmann wahrgenommen.<\/p><p><strong>3. Erhobene Daten<\/strong><br \/>Wir erheben personenbezogene Daten von interessierten Personen wie Name,<br \/>Adresse, Telefonnummer und E-Mail-Adresse. Sie werden nicht auf dieser<br \/>Website publiziert.<\/p><p><strong>4. Verwendung der Daten<\/strong><br \/>Die personenbezogenen Daten werden ausschliesslich verwendet, um:<\/p><p style=\"padding-left: 40px;\">\u2022 Mitglieder und Interessenten \u00fcber Veranstaltungen und Proben zu<br \/>informieren.<br \/>\u2022 Die Organisation und Durchf\u00fchrung von Choraktivit\u00e4ten zu gew\u00e4hrleisten.<\/p><p><strong>5. Weitergabe der Daten<\/strong><br \/>Ihre Daten werden nicht an Dritte weitergegeben, es sei denn, dies ist zur<br \/>Erf\u00fcllung der oben genannten Zwecke erforderlich oder gesetzlich<br \/>vorgeschrieben.<\/p><p><strong>6. Rechtliche Grundlagen<\/strong><br \/>Die Erhebung und Verarbeitung personenbezogener Daten erfolgt auf<br \/>Grundlage der schweizerischen Datenschutzgesetze, insbesondere des<br \/>Bundesgesetzes \u00fcber den Datenschutz (DSG) und der Verordnung zum<br \/>Bundesgesetz \u00fcber den Datenschutz (VDSG).<\/p><p><strong>7. Verwendung von Cookies<\/strong><br \/>Unsere Website verwendet nur technisch notwendige Cookies, um bestimmte<br \/>Funktionen zu erm\u00f6glichen. Cookies sind kleine Textdateien, die auf Ihrem<br \/>Endger\u00e4t gespeichert werden. Sie k\u00f6nnen die Verwendung von Cookies in<br \/>Ihren Browsereinstellungen einschr\u00e4nken oder deaktivieren.<\/p><p><br \/><strong>8. Nutzung von Google Features<br \/><\/strong>Es ist geplant Google Analytics zu verwenden um die Nutzung der Website zu<br \/>analysieren und zu verbessern. Google Analytics verwendet Cookies, um<br \/>Informationen \u00fcber Ihre Nutzung der Website zu sammeln und zu speichern.<br \/>Diese Informationen werden in der Regel an einen Server von Google in den<br \/>USA \u00fcbertragen und dort gespeichert. Weitere Informationen finden Sie in der<br \/>Datenschutzerkl\u00e4rung von Google: Google Datenschutz.<\/p><p><strong>9. Rechte der Betroffenen<\/strong><br \/>Sie haben das Recht, Auskunft \u00fcber die bei uns gespeicherten Daten zu<br \/>erhalten, deren Berichtigung zu verlangen oder die L\u00f6schung Ihrer Daten zu<br \/>beantragen.<\/p><p><strong>10. Kontakt<\/strong><br \/>F\u00fcr Fragen zur Erhebung, Verarbeitung oder Nutzung Ihrer personen-<br \/>bezogenen Daten, sowie f\u00fcr Ausk\u00fcnfte, Berichtigungen oder<br \/>L\u00f6schungsw\u00fcnsche wenden Sie sich bitte an: Gospelchor Kilchberg E-Mail:<br \/><a href=\"mailto:info@gospelchor-kilchberg.ch\">info@gospelchor-kilchberg.ch<\/a><\/p><p><strong>11. Bild- und Tonaufnahmen<\/strong><br \/>An Konzerten \/ anderen \u00f6ffentlichen Anl\u00e4ssen werden gelegentlich Bild- und\/<br \/>oder Tonaufnahmen erstellt. Diese k\u00f6nnen via interne und externe<br \/>Kommunikation (z.B. Vereins-Website, Programmheft, Social Media Kan\u00e4le)<br \/>publiziert werden. Es wird vorausgesetzt, dass sie damit einverstanden sind,<br \/>wenn sie einen unserer Anl\u00e4sse besuchen.<\/p>\t\t\t\t\t\t\t\t<\/div>\n\t\t\t\t<\/div>\n\t\t\t\t\t<\/div>\n\t\t\t\t<\/div>\n\t\t\t\t<\/div>\n\t\t","protected":false},"excerpt":{"rendered":"<p>Datenschutzerkl\u00e4rung Gospelchor Kilchberg 1. Allgemeine InformationenDiese Datenschutzerkl\u00e4rung informiert \u00fcber die Art, den Umfang und denZweck der Erhebung und Verwendung personenbezogener Daten durch denGospelchor Kilchberg. 2. Verantwortliche StelleGospelchor Kilchberg Adresse: Stockenstrasse 150, 8802 Kilchberg, Schweiz,E-Mail: info@gospelchor-kilchberg.ch. Zur Zeit wird diese Aufgabe durch PeterWegmann wahrgenommen. 3. Erhobene DatenWir erheben personenbezogene Daten von interessierten Personen wie Name,Adresse, Telefonnummer&hellip;&nbsp;<a href=\"https:\/\/gospelchor-kilchberg.ch\/cms\/datenschutzerklaerung\/\" rel=\"bookmark\">Weiterlesen &raquo;<span class=\"screen-reader-text\">Datenschutzerkl\u00e4rung<\/span><\/a><\/p>\n","protected":false},"author":1,"featured_media":0,"parent":0,"menu_order":0,"comment_status":"closed","ping_status":"closed","template":"page-templates\/template-pagebuilder-full-width.php","meta":{"neve_meta_sidebar":"","neve_meta_container":"","neve_meta_enable_content_width":"","neve_meta_content_width":0,"neve_meta_title_alignment":"","neve_meta_author_avatar":"","neve_post_elements_order":"","neve_meta_disable_header":"","neve_meta_disable_footer":"","neve_meta_disable_title":"","h5ap_radio_sources":[],"footnotes":""},"class_list":["post-388","page","type-page","status-publish","hentry"],"_links":{"self":[{"href":"https:\/\/gospelchor-kilchberg.ch\/cms\/wp-json\/wp\/v2\/pages\/388","targetHints":{"allow":["GET"]}}],"collection":[{"href":"https:\/\/gospelchor-kilchberg.ch\/cms\/wp-json\/wp\/v2\/pages"}],"about":[{"href":"https:\/\/gospelchor-kilchberg.ch\/cms\/wp-json\/wp\/v2\/types\/page"}],"author":[{"embeddable":true,"href":"https:\/\/gospelchor-kilchberg.ch\/cms\/wp-json\/wp\/v2\/users\/1"}],"replies":[{"embeddable":true,"href":"https:\/\/gospelchor-kilchberg.ch\/cms\/wp-json\/wp\/v2\/comments?post=388"}],"version-history":[{"count":7,"href":"https:\/\/gospelchor-kilchberg.ch\/cms\/wp-json\/wp\/v2\/pages\/388\/revisions"}],"predecessor-version":[{"id":425,"href":"https:\/\/gospelchor-kilchberg.ch\/cms\/wp-json\/wp\/v2\/pages\/388\/revisions\/425"}],"wp:attachment":[{"href":"https:\/\/gospelchor-kilchberg.ch\/cms\/wp-json\/wp\/v2\/media?parent=388"}],"curies":[{"name":"wp","href":"https:\/\/api.w.org\/{rel}","templated":true}]}}