{"id":50,"date":"2024-07-31T09:33:38","date_gmt":"2024-07-31T07:33:38","guid":{"rendered":"http:\/\/preview.abc4it.com\/gospelchor_kilchberg\/?page_id=50"},"modified":"2026-03-15T14:07:22","modified_gmt":"2026-03-15T13:07:22","slug":"start","status":"publish","type":"page","link":"https:\/\/gospelchor-kilchberg.ch\/cms\/","title":{"rendered":"Start"},"content":{"rendered":"\t\t<div data-elementor-type=\"wp-page\" data-elementor-id=\"50\" class=\"elementor elementor-50\">\n\t\t\t\t<div class=\"elementor-element elementor-element-9c9dbbb e-flex e-con-boxed e-con e-parent\" data-id=\"9c9dbbb\" data-element_type=\"container\" data-e-type=\"container\">\n\t\t\t\t\t<div class=\"e-con-inner\">\n\t\t\t\t<div class=\"elementor-element elementor-element-ec70595 elementor-hidden-mobile elementor-widget elementor-widget-spacer\" data-id=\"ec70595\" data-element_type=\"widget\" data-e-type=\"widget\" data-widget_type=\"spacer.default\">\n\t\t\t\t<div class=\"elementor-widget-container\">\n\t\t\t\t\t\t\t<div class=\"elementor-spacer\">\n\t\t\t<div class=\"elementor-spacer-inner\"><\/div>\n\t\t<\/div>\n\t\t\t\t\t\t<\/div>\n\t\t\t\t<\/div>\n\t\t\t\t<div class=\"elementor-element elementor-element-5fcf6f2 elementor-widget elementor-widget-heading\" data-id=\"5fcf6f2\" data-element_type=\"widget\" data-e-type=\"widget\" data-widget_type=\"heading.default\">\n\t\t\t\t<div class=\"elementor-widget-container\">\n\t\t\t\t\t<h1 class=\"elementor-heading-title elementor-size-default\">Herzlich willkommen<br>beim Gospelchor Kilchberg<\/h1>\t\t\t\t<\/div>\n\t\t\t\t<\/div>\n\t\t\t\t<div class=\"elementor-element elementor-element-374f916 elementor-widget elementor-widget-text-editor\" data-id=\"374f916\" data-element_type=\"widget\" data-e-type=\"widget\" data-widget_type=\"text-editor.default\">\n\t\t\t\t<div class=\"elementor-widget-container\">\n\t\t\t\t\t\t\t\t\t<p>\u2766<\/p>\t\t\t\t\t\t\t\t<\/div>\n\t\t\t\t<\/div>\n\t\t\t\t<div class=\"elementor-element elementor-element-8aff62f elementor-widget elementor-widget-text-editor\" data-id=\"8aff62f\" data-element_type=\"widget\" data-e-type=\"widget\" data-widget_type=\"text-editor.default\">\n\t\t\t\t<div class=\"elementor-widget-container\">\n\t\t\t\t\t\t\t\t\t<p class=\"nomargin\">Unser Chor z\u00e4hlt rund 30 S\u00e4ngerinnen und S\u00e4nger.<br \/>Wenn Sie gerne mitsingen m\u00f6chten, melden Sie sich einfach \u00fcber das\u00a0<a title=\"Kontaktformular\" href=\"https:\/\/gospelchor-kilchberg.ch\/cms\/kontakt\/interessentenformular\/\" target=\"_blank\" rel=\"noopener\">Interessentenformular<\/a>.<br \/>F\u00fcr sonstige Anliegen kontaktieren Sie uns\u00a0via\u00a0<a href=\"mailto:info@gospelchor-kilchberg.ch\">info@gospelchor-kilchberg.ch<\/a><\/p>\t\t\t\t\t\t\t\t<\/div>\n\t\t\t\t<\/div>\n\t\t\t\t<div class=\"elementor-element elementor-element-505a89c elementor-widget__width-auto elementor-widget elementor-widget-image\" data-id=\"505a89c\" data-element_type=\"widget\" data-e-type=\"widget\" data-widget_type=\"image.default\">\n\t\t\t\t<div class=\"elementor-widget-container\">\n\t\t\t\t\t\t\t\t\t\t\t\t<figure class=\"wp-caption\">\n\t\t\t\t\t\t\t\t\t\t<img fetchpriority=\"high\" decoding=\"async\" width=\"2560\" height=\"1706\" src=\"https:\/\/gospelchor-kilchberg.ch\/cms\/wp-content\/uploads\/2025\/11\/D2025115519-topaz-face-upscale-2.1x-face-denoise-scaled.jpeg\" class=\"attachment-full size-full wp-image-1007\" alt=\"\" srcset=\"https:\/\/gospelchor-kilchberg.ch\/cms\/wp-content\/uploads\/2025\/11\/D2025115519-topaz-face-upscale-2.1x-face-denoise-scaled.jpeg 2560w, https:\/\/gospelchor-kilchberg.ch\/cms\/wp-content\/uploads\/2025\/11\/D2025115519-topaz-face-upscale-2.1x-face-denoise-300x200.jpeg 300w, https:\/\/gospelchor-kilchberg.ch\/cms\/wp-content\/uploads\/2025\/11\/D2025115519-topaz-face-upscale-2.1x-face-denoise-1024x682.jpeg 1024w, https:\/\/gospelchor-kilchberg.ch\/cms\/wp-content\/uploads\/2025\/11\/D2025115519-topaz-face-upscale-2.1x-face-denoise-768x512.jpeg 768w, https:\/\/gospelchor-kilchberg.ch\/cms\/wp-content\/uploads\/2025\/11\/D2025115519-topaz-face-upscale-2.1x-face-denoise-1536x1024.jpeg 1536w, https:\/\/gospelchor-kilchberg.ch\/cms\/wp-content\/uploads\/2025\/11\/D2025115519-topaz-face-upscale-2.1x-face-denoise-2048x1365.jpeg 2048w, https:\/\/gospelchor-kilchberg.ch\/cms\/wp-content\/uploads\/2025\/11\/D2025115519-topaz-face-upscale-2.1x-face-denoise-930x620.jpeg 930w\" sizes=\"(max-width: 2560px) 100vw, 2560px\" \/>\t\t\t\t\t\t\t\t\t\t\t<figcaption class=\"widget-image-caption wp-caption-text\">Foto: Joachim Bertsch<\/figcaption>\n\t\t\t\t\t\t\t\t\t\t<\/figure>\n\t\t\t\t\t\t\t\t\t<\/div>\n\t\t\t\t<\/div>\n\t\t<div class=\"elementor-element elementor-element-b0ee16c e-flex e-con-boxed e-con e-child\" data-id=\"b0ee16c\" data-element_type=\"container\" data-e-type=\"container\" data-settings=\"{&quot;background_background&quot;:&quot;gradient&quot;}\">\n\t\t\t\t\t<div class=\"e-con-inner\">\n\t\t\t\t<div class=\"elementor-element elementor-element-ce77cd1 elementor-widget elementor-widget-text-editor\" data-id=\"ce77cd1\" data-element_type=\"widget\" data-e-type=\"widget\" data-widget_type=\"text-editor.default\">\n\t\t\t\t<div class=\"elementor-widget-container\">\n\t\t\t\t\t\t\t\t\t<ul><li>07. November 2026 \u2606 1. Jahreskonzert<\/li><li>14. November 2026 \u2606 2. Jahreskonzert<\/li><\/ul>\t\t\t\t\t\t\t\t<\/div>\n\t\t\t\t<\/div>\n\t\t\t\t\t<\/div>\n\t\t\t\t<\/div>\n\t\t\t\t\t<\/div>\n\t\t\t\t<\/div>\n\t\t\t\t<\/div>\n\t\t","protected":false},"excerpt":{"rendered":"<p>Herzlich willkommenbeim Gospelchor Kilchberg \u2766 Unser Chor z\u00e4hlt rund 30 S\u00e4ngerinnen und S\u00e4nger.Wenn Sie gerne mitsingen m\u00f6chten, melden Sie sich einfach \u00fcber das\u00a0Interessentenformular.F\u00fcr sonstige Anliegen kontaktieren Sie uns\u00a0via\u00a0info@gospelchor-kilchberg.ch Foto: Joachim Bertsch 07. November 2026 \u2606 1. Jahreskonzert 14. November 2026 \u2606 2. Jahreskonzert<\/p>\n","protected":false},"author":1,"featured_media":0,"parent":0,"menu_order":0,"comment_status":"closed","ping_status":"closed","template":"page-templates\/template-pagebuilder-full-width.php","meta":{"neve_meta_sidebar":"","neve_meta_container":"","neve_meta_enable_content_width":"","neve_meta_content_width":0,"neve_meta_title_alignment":"","neve_meta_author_avatar":"","neve_post_elements_order":"","neve_meta_disable_header":"","neve_meta_disable_footer":"","neve_meta_disable_title":"","h5ap_radio_sources":[],"footnotes":""},"class_list":["post-50","page","type-page","status-publish","hentry"],"_links":{"self":[{"href":"https:\/\/gospelchor-kilchberg.ch\/cms\/wp-json\/wp\/v2\/pages\/50","targetHints":{"allow":["GET"]}}],"collection":[{"href":"https:\/\/gospelchor-kilchberg.ch\/cms\/wp-json\/wp\/v2\/pages"}],"about":[{"href":"https:\/\/gospelchor-kilchberg.ch\/cms\/wp-json\/wp\/v2\/types\/page"}],"author":[{"embeddable":true,"href":"https:\/\/gospelchor-kilchberg.ch\/cms\/wp-json\/wp\/v2\/users\/1"}],"replies":[{"embeddable":true,"href":"https:\/\/gospelchor-kilchberg.ch\/cms\/wp-json\/wp\/v2\/comments?post=50"}],"version-history":[{"count":73,"href":"https:\/\/gospelchor-kilchberg.ch\/cms\/wp-json\/wp\/v2\/pages\/50\/revisions"}],"predecessor-version":[{"id":1115,"href":"https:\/\/gospelchor-kilchberg.ch\/cms\/wp-json\/wp\/v2\/pages\/50\/revisions\/1115"}],"wp:attachment":[{"href":"https:\/\/gospelchor-kilchberg.ch\/cms\/wp-json\/wp\/v2\/media?parent=50"}],"curies":[{"name":"wp","href":"https:\/\/api.w.org\/{rel}","templated":true}]}}