{"id":65,"date":"2024-07-31T10:23:15","date_gmt":"2024-07-31T08:23:15","guid":{"rendered":"http:\/\/preview.abc4it.com\/gospelchor_kilchberg\/?page_id=65"},"modified":"2026-03-22T12:07:03","modified_gmt":"2026-03-22T11:07:03","slug":"chorleiterin","status":"publish","type":"page","link":"https:\/\/gospelchor-kilchberg.ch\/cms\/ueber-uns\/chorleiterin\/","title":{"rendered":"Chorleiterin"},"content":{"rendered":"\t\t<div data-elementor-type=\"wp-page\" data-elementor-id=\"65\" class=\"elementor elementor-65\">\n\t\t\t\t<div class=\"elementor-element elementor-element-fa258a3 e-flex e-con-boxed e-con e-parent\" data-id=\"fa258a3\" data-element_type=\"container\" data-e-type=\"container\">\n\t\t\t\t\t<div class=\"e-con-inner\">\n\t\t<div class=\"elementor-element elementor-element-7e711b6 e-con-full e-flex e-con e-child\" data-id=\"7e711b6\" data-element_type=\"container\" data-e-type=\"container\">\n\t\t\t\t<div class=\"elementor-element elementor-element-373ce45 elementor-widget elementor-widget-heading\" data-id=\"373ce45\" data-element_type=\"widget\" data-e-type=\"widget\" data-widget_type=\"heading.default\">\n\t\t\t\t<div class=\"elementor-widget-container\">\n\t\t\t\t\t<h2 class=\"elementor-heading-title elementor-size-default\">Unsere Chorleiterin<\/h2>\t\t\t\t<\/div>\n\t\t\t\t<\/div>\n\t\t\t\t<div class=\"elementor-element elementor-element-1d4c5d7 elementor-widget elementor-widget-heading\" data-id=\"1d4c5d7\" data-element_type=\"widget\" data-e-type=\"widget\" data-widget_type=\"heading.default\">\n\t\t\t\t<div class=\"elementor-widget-container\">\n\t\t\t\t\t<h3 class=\"elementor-heading-title elementor-size-default\">Allegra Zumsteg<\/h3>\t\t\t\t<\/div>\n\t\t\t\t<\/div>\n\t\t\t\t<div class=\"elementor-element elementor-element-68c6330 elementor-widget elementor-widget-text-editor\" data-id=\"68c6330\" data-element_type=\"widget\" data-e-type=\"widget\" data-widget_type=\"text-editor.default\">\n\t\t\t\t<div class=\"elementor-widget-container\">\n\t\t\t\t\t\t\t\t\t<p>\u2026 hat vom 1. November 2019 bis 30. November 2025 die Leitung des Gospelchor Kilchberg \u00fcbernommen. Seit 2009 ist sie als freischaffende Songwriterin, S\u00e4ngerin und Gesangslehrerin t\u00e4tig und tritt als Leads\u00e4ngerin und Solistin in unterschiedlichen Formationen auf.<\/p><p>Nach klassischem Sologesangsunterricht an der Kantonsschule Stadelhofen und am Konservatorium Z\u00fcrich<em>\u00a0<\/em>zog sie 2008 in die Niederlande, um Jazz Gesang am\u00a0Konservatorium von Amsterdam\u00a0zu studieren. An der Hochschule der K\u00fcnste in Amsterdam erhielt sie Meisterkurse von renommierten Musikern aus der internationalen Jazz-Szene, vertiefte sich in Songwriting, und schloss 2014 ihren Master of Music cum laude ab.<\/p><p>Seither leitete sie unter anderem den Soul- &amp; Gospelchor an der Voice+Music Academy, war als Sologesangslehrerin an den Musikschulen Dielsdorf und Zumikon t\u00e4tig, gab Stimmbildungskurse f\u00fcr Jazz\/Pop\/Rock an der Klubschule Migros. Von 2019 bis 2023 \u00fcbernahm sie die musikalische Leitung der Gospel Singers Uster.<\/p><p>Neben Chor und Gesang f\u00fcr Erwachsene und Jugendliche unterrichtete sie auch diverse Kurse im Bereich der Musikalischen Fr\u00fchf\u00f6rderung an unterschiedlichen Musikschulen im Raum Z\u00fcrich. Seit 2015 leitet sie die Kinder-Singgruppen an der Musikschule Zollikon.<\/p><p>2018 komponierte die Songwriterin einen kompletten Liederzyklus f\u00fcr ein Projekt mit den\u00a0Singfrauen M\u00e4nnedorf\u00a0und ver\u00f6ffentlichte 2019 mit ihrem Jazztrio\u00a0A\u00a0Day In Central Park\u00a0ihr Debutalbum\u00a0<a href=\"http:\/\/www.adayincentralpark.ch\/\" target=\"_blank\" rel=\"noopener\">Rearrange<\/a>.<\/p><p>Als S\u00e4ngerin leiht sie von Zeit zu Zeit auch Werbungen und Filmen ihre Stimme. So war sie vor kurzem in niederl\u00e4ndischen Kinos auf dem Soundtrack der Doku \u00abKing of The Cruise\u00bb zu h\u00f6ren.<\/p>\t\t\t\t\t\t\t\t<\/div>\n\t\t\t\t<\/div>\n\t\t\t\t<\/div>\n\t\t<div class=\"elementor-element elementor-element-5dc3e1a e-con-full e-flex e-con e-child\" data-id=\"5dc3e1a\" data-element_type=\"container\" data-e-type=\"container\">\n\t\t\t\t<div class=\"elementor-element elementor-element-9ff4c39 elementor-widget elementor-widget-image\" data-id=\"9ff4c39\" data-element_type=\"widget\" data-e-type=\"widget\" data-widget_type=\"image.default\">\n\t\t\t\t<div class=\"elementor-widget-container\">\n\t\t\t\t\t\t\t\t\t\t\t\t\t\t\t<img fetchpriority=\"high\" decoding=\"async\" width=\"689\" height=\"1024\" src=\"https:\/\/gospelchor-kilchberg.ch\/cms\/wp-content\/uploads\/2025\/02\/Allegra-001c_red-689x1024.jpg\" class=\"attachment-large size-large wp-image-822\" alt=\"\" srcset=\"https:\/\/gospelchor-kilchberg.ch\/cms\/wp-content\/uploads\/2025\/02\/Allegra-001c_red-689x1024.jpg 689w, https:\/\/gospelchor-kilchberg.ch\/cms\/wp-content\/uploads\/2025\/02\/Allegra-001c_red-202x300.jpg 202w, https:\/\/gospelchor-kilchberg.ch\/cms\/wp-content\/uploads\/2025\/02\/Allegra-001c_red-768x1142.jpg 768w, https:\/\/gospelchor-kilchberg.ch\/cms\/wp-content\/uploads\/2025\/02\/Allegra-001c_red.jpg 1010w\" sizes=\"(max-width: 689px) 100vw, 689px\" \/>\t\t\t\t\t\t\t\t\t\t\t\t\t\t\t<\/div>\n\t\t\t\t<\/div>\n\t\t<div class=\"elementor-element elementor-element-486d759 e-con-full e-flex e-con e-child\" data-id=\"486d759\" data-element_type=\"container\" data-e-type=\"container\" data-settings=\"{&quot;background_background&quot;:&quot;classic&quot;}\">\n\t\t\t\t<div class=\"elementor-element elementor-element-7983fb2 elementor-widget elementor-widget-text-editor\" data-id=\"7983fb2\" data-element_type=\"widget\" data-e-type=\"widget\" data-widget_type=\"text-editor.default\">\n\t\t\t\t<div class=\"elementor-widget-container\">\n\t\t\t\t\t\t\t\t\t<div id=\"dnn_ctr520_ModuleContent\" class=\"DNNModuleContent ModDNNHTMLC\"><div id=\"dnn_ctr520_HtmlModule_lblContent\" class=\"Normal\"><p>Die Websites zu\u00a0Allegra Zumsteg:<\/p><ul><li><a href=\"http:\/\/www.allegrazumsteg.com\" target=\"_blank\" rel=\"noopener\">Homepage von Allegra Zumsteg<\/a><\/li><li><a href=\"http:\/\/www.adayincentralpark.ch\" target=\"_blank\" rel=\"noopener\">Jazztrio A Day In Central Park<\/a><\/li><\/ul><\/div><\/div>\t\t\t\t\t\t\t\t<\/div>\n\t\t\t\t<\/div>\n\t\t\t\t<\/div>\n\t\t\t\t<\/div>\n\t\t\t\t\t<\/div>\n\t\t\t\t<\/div>\n\t\t\t\t<\/div>\n\t\t","protected":false},"excerpt":{"rendered":"<p>Unsere Chorleiterin Allegra Zumsteg \u2026 hat vom 1. November 2019 bis 30. November 2025 die Leitung des Gospelchor Kilchberg \u00fcbernommen. Seit 2009 ist sie als freischaffende Songwriterin, S\u00e4ngerin und Gesangslehrerin t\u00e4tig und tritt als Leads\u00e4ngerin und Solistin in unterschiedlichen Formationen auf. Nach klassischem Sologesangsunterricht an der Kantonsschule Stadelhofen und am Konservatorium Z\u00fcrich\u00a0zog sie 2008 in&hellip;&nbsp;<a href=\"https:\/\/gospelchor-kilchberg.ch\/cms\/ueber-uns\/chorleiterin\/\" rel=\"bookmark\">Weiterlesen &raquo;<span class=\"screen-reader-text\">Chorleiterin<\/span><\/a><\/p>\n","protected":false},"author":1,"featured_media":0,"parent":62,"menu_order":0,"comment_status":"closed","ping_status":"closed","template":"page-templates\/template-pagebuilder-full-width.php","meta":{"neve_meta_sidebar":"","neve_meta_container":"","neve_meta_enable_content_width":"","neve_meta_content_width":0,"neve_meta_title_alignment":"","neve_meta_author_avatar":"","neve_post_elements_order":"","neve_meta_disable_header":"","neve_meta_disable_footer":"","neve_meta_disable_title":"","h5ap_radio_sources":[],"footnotes":""},"class_list":["post-65","page","type-page","status-publish","hentry"],"_links":{"self":[{"href":"https:\/\/gospelchor-kilchberg.ch\/cms\/wp-json\/wp\/v2\/pages\/65","targetHints":{"allow":["GET"]}}],"collection":[{"href":"https:\/\/gospelchor-kilchberg.ch\/cms\/wp-json\/wp\/v2\/pages"}],"about":[{"href":"https:\/\/gospelchor-kilchberg.ch\/cms\/wp-json\/wp\/v2\/types\/page"}],"author":[{"embeddable":true,"href":"https:\/\/gospelchor-kilchberg.ch\/cms\/wp-json\/wp\/v2\/users\/1"}],"replies":[{"embeddable":true,"href":"https:\/\/gospelchor-kilchberg.ch\/cms\/wp-json\/wp\/v2\/comments?post=65"}],"version-history":[{"count":19,"href":"https:\/\/gospelchor-kilchberg.ch\/cms\/wp-json\/wp\/v2\/pages\/65\/revisions"}],"predecessor-version":[{"id":1124,"href":"https:\/\/gospelchor-kilchberg.ch\/cms\/wp-json\/wp\/v2\/pages\/65\/revisions\/1124"}],"up":[{"embeddable":true,"href":"https:\/\/gospelchor-kilchberg.ch\/cms\/wp-json\/wp\/v2\/pages\/62"}],"wp:attachment":[{"href":"https:\/\/gospelchor-kilchberg.ch\/cms\/wp-json\/wp\/v2\/media?parent=65"}],"curies":[{"name":"wp","href":"https:\/\/api.w.org\/{rel}","templated":true}]}}