{"id":89,"date":"2024-08-13T10:22:11","date_gmt":"2024-08-13T08:22:11","guid":{"rendered":"http:\/\/preview.abc4it.com\/gospelchor_kilchberg\/?page_id=89"},"modified":"2024-08-13T10:24:47","modified_gmt":"2024-08-13T08:24:47","slug":"engagement-konditionen","status":"publish","type":"page","link":"https:\/\/gospelchor-kilchberg.ch\/cms\/auftritte\/engagement-konditionen\/","title":{"rendered":"Engagement \/ Konditionen"},"content":{"rendered":"\t\t<div data-elementor-type=\"wp-page\" data-elementor-id=\"89\" class=\"elementor elementor-89\">\n\t\t\t\t<div class=\"elementor-element elementor-element-bd6382b e-flex e-con-boxed e-con e-parent\" data-id=\"bd6382b\" data-element_type=\"container\" data-e-type=\"container\">\n\t\t\t\t\t<div class=\"e-con-inner\">\n\t\t\t\t<div class=\"elementor-element elementor-element-1739799 elementor-widget elementor-widget-spacer\" data-id=\"1739799\" data-element_type=\"widget\" data-e-type=\"widget\" data-widget_type=\"spacer.default\">\n\t\t\t\t<div class=\"elementor-widget-container\">\n\t\t\t\t\t\t\t<div class=\"elementor-spacer\">\n\t\t\t<div class=\"elementor-spacer-inner\"><\/div>\n\t\t<\/div>\n\t\t\t\t\t\t<\/div>\n\t\t\t\t<\/div>\n\t\t\t\t<div class=\"elementor-element elementor-element-ac59b02 elementor-widget elementor-widget-heading\" data-id=\"ac59b02\" data-element_type=\"widget\" data-e-type=\"widget\" data-widget_type=\"heading.default\">\n\t\t\t\t<div class=\"elementor-widget-container\">\n\t\t\t\t\t<h2 class=\"elementor-heading-title elementor-size-default\">Engagement \/ Konditionen<\/h2>\t\t\t\t<\/div>\n\t\t\t\t<\/div>\n\t\t\t\t\t<\/div>\n\t\t\t\t<\/div>\n\t\t<div class=\"elementor-element elementor-element-62026ee e-flex e-con-boxed e-con e-parent\" data-id=\"62026ee\" data-element_type=\"container\" data-e-type=\"container\">\n\t\t\t\t\t<div class=\"e-con-inner\">\n\t\t<div class=\"elementor-element elementor-element-c98e739 e-con-full e-flex e-con e-child\" data-id=\"c98e739\" data-element_type=\"container\" data-e-type=\"container\">\n\t\t\t\t<div class=\"elementor-element elementor-element-c63e7dc elementor-widget elementor-widget-heading\" data-id=\"c63e7dc\" data-element_type=\"widget\" data-e-type=\"widget\" data-widget_type=\"heading.default\">\n\t\t\t\t<div class=\"elementor-widget-container\">\n\t\t\t\t\t<h3 class=\"elementor-heading-title elementor-size-default\">Preise<\/h3>\t\t\t\t<\/div>\n\t\t\t\t<\/div>\n\t\t\t\t<div class=\"elementor-element elementor-element-32b0285 elementor-widget elementor-widget-text-editor\" data-id=\"32b0285\" data-element_type=\"widget\" data-e-type=\"widget\" data-widget_type=\"text-editor.default\">\n\t\t\t\t<div class=\"elementor-widget-container\">\n\t\t\t\t\t\t\t\t\t<p>Wir singen auch bei geschlossenen Anl\u00e4ssen \u2013 wie Hochzeiten oder Geburtstagsfeiern \u2013 <a href=\"mailto:info@gospelchor-kilchberg.ch\">auf Anfrage<\/a>. An Konzerten werden wir von einer professionellen Band und Solisten unterst\u00fctzt.<\/p><ul><li style=\"list-style-type: none;\"><ul><li>f\u00fcr Mitwirkung in einem Gottesdienst * oder bei einer Hochzeit (ca. 30 Minuten)<br \/><strong>Fr. 800.\u2014<\/strong><\/li><li>f\u00fcr ein Konzert (40 \u2013 60 Minuten)<br \/><strong>Fr. 1&#8217;000.\u2014<\/strong><\/li><\/ul><\/li><\/ul><p><br \/>dazu kommen, je nach Bedarf:<\/p><ul><li style=\"list-style-type: none;\"><ul><li>Solist \/ Solistin<\/li><li>E-Piano<\/li><li>Transport nach Aufwand<\/li><li>Tonanlage nach Aufwand<\/li><\/ul><\/li><\/ul>\t\t\t\t\t\t\t\t<\/div>\n\t\t\t\t<\/div>\n\t\t\t\t<\/div>\n\t\t<div class=\"elementor-element elementor-element-dd4c99b e-con-full e-flex e-con e-child\" data-id=\"dd4c99b\" data-element_type=\"container\" data-e-type=\"container\">\n\t\t\t\t<div class=\"elementor-element elementor-element-6878884 elementor-widget elementor-widget-image\" data-id=\"6878884\" data-element_type=\"widget\" data-e-type=\"widget\" data-widget_type=\"image.default\">\n\t\t\t\t<div class=\"elementor-widget-container\">\n\t\t\t\t\t\t\t\t\t\t\t\t\t\t\t<img fetchpriority=\"high\" decoding=\"async\" width=\"1024\" height=\"683\" src=\"https:\/\/gospelchor-kilchberg.ch\/cms\/wp-content\/uploads\/2024\/08\/Konditionen-topaz-faceai-denoise-1024x683.jpg\" class=\"attachment-large size-large wp-image-92\" alt=\"\" srcset=\"https:\/\/gospelchor-kilchberg.ch\/cms\/wp-content\/uploads\/2024\/08\/Konditionen-topaz-faceai-denoise-1024x683.jpg 1024w, https:\/\/gospelchor-kilchberg.ch\/cms\/wp-content\/uploads\/2024\/08\/Konditionen-topaz-faceai-denoise-300x200.jpg 300w, https:\/\/gospelchor-kilchberg.ch\/cms\/wp-content\/uploads\/2024\/08\/Konditionen-topaz-faceai-denoise-768x512.jpg 768w, https:\/\/gospelchor-kilchberg.ch\/cms\/wp-content\/uploads\/2024\/08\/Konditionen-topaz-faceai-denoise-930x620.jpg 930w, https:\/\/gospelchor-kilchberg.ch\/cms\/wp-content\/uploads\/2024\/08\/Konditionen-topaz-faceai-denoise.jpg 1499w\" sizes=\"(max-width: 1024px) 100vw, 1024px\" \/>\t\t\t\t\t\t\t\t\t\t\t\t\t\t\t<\/div>\n\t\t\t\t<\/div>\n\t\t\t\t<div class=\"elementor-element elementor-element-1677ea5 elementor-widget elementor-widget-text-editor\" data-id=\"1677ea5\" data-element_type=\"widget\" data-e-type=\"widget\" data-widget_type=\"text-editor.default\">\n\t\t\t\t<div class=\"elementor-widget-container\">\n\t\t\t\t\t\t\t\t\t<p>* Dies betrifft Auftritte in anderen Kirchgemeinden. Unser Chor hat eine Vereinbarung mit der reformierten Kirchgemeinde Kilchberg ZH. Als Gegenleistung f\u00fcr ihre finanzielle Unterst\u00fctzung singen wir j\u00e4hrlich in mindestens zwei Gottesdiensten.<\/p>\t\t\t\t\t\t\t\t<\/div>\n\t\t\t\t<\/div>\n\t\t\t\t<\/div>\n\t\t\t\t\t<\/div>\n\t\t\t\t<\/div>\n\t\t\t\t<\/div>\n\t\t","protected":false},"excerpt":{"rendered":"<p>Engagement \/ Konditionen Preise Wir singen auch bei geschlossenen Anl\u00e4ssen \u2013 wie Hochzeiten oder Geburtstagsfeiern \u2013 auf Anfrage. An Konzerten werden wir von einer professionellen Band und Solisten unterst\u00fctzt. f\u00fcr Mitwirkung in einem Gottesdienst * oder bei einer Hochzeit (ca. 30 Minuten)Fr. 800.\u2014 f\u00fcr ein Konzert (40 \u2013 60 Minuten)Fr. 1&#8217;000.\u2014 dazu kommen, je nach&hellip;&nbsp;<a href=\"https:\/\/gospelchor-kilchberg.ch\/cms\/auftritte\/engagement-konditionen\/\" rel=\"bookmark\">Weiterlesen &raquo;<span class=\"screen-reader-text\">Engagement \/ Konditionen<\/span><\/a><\/p>\n","protected":false},"author":1,"featured_media":0,"parent":86,"menu_order":0,"comment_status":"closed","ping_status":"closed","template":"page-templates\/template-pagebuilder-full-width.php","meta":{"neve_meta_sidebar":"","neve_meta_container":"","neve_meta_enable_content_width":"","neve_meta_content_width":0,"neve_meta_title_alignment":"","neve_meta_author_avatar":"","neve_post_elements_order":"","neve_meta_disable_header":"","neve_meta_disable_footer":"","neve_meta_disable_title":"","h5ap_radio_sources":[],"footnotes":""},"class_list":["post-89","page","type-page","status-publish","hentry"],"_links":{"self":[{"href":"https:\/\/gospelchor-kilchberg.ch\/cms\/wp-json\/wp\/v2\/pages\/89","targetHints":{"allow":["GET"]}}],"collection":[{"href":"https:\/\/gospelchor-kilchberg.ch\/cms\/wp-json\/wp\/v2\/pages"}],"about":[{"href":"https:\/\/gospelchor-kilchberg.ch\/cms\/wp-json\/wp\/v2\/types\/page"}],"author":[{"embeddable":true,"href":"https:\/\/gospelchor-kilchberg.ch\/cms\/wp-json\/wp\/v2\/users\/1"}],"replies":[{"embeddable":true,"href":"https:\/\/gospelchor-kilchberg.ch\/cms\/wp-json\/wp\/v2\/comments?post=89"}],"version-history":[{"count":4,"href":"https:\/\/gospelchor-kilchberg.ch\/cms\/wp-json\/wp\/v2\/pages\/89\/revisions"}],"predecessor-version":[{"id":95,"href":"https:\/\/gospelchor-kilchberg.ch\/cms\/wp-json\/wp\/v2\/pages\/89\/revisions\/95"}],"up":[{"embeddable":true,"href":"https:\/\/gospelchor-kilchberg.ch\/cms\/wp-json\/wp\/v2\/pages\/86"}],"wp:attachment":[{"href":"https:\/\/gospelchor-kilchberg.ch\/cms\/wp-json\/wp\/v2\/media?parent=89"}],"curies":[{"name":"wp","href":"https:\/\/api.w.org\/{rel}","templated":true}]}}